{"id":152,"date":"2023-12-04T16:02:44","date_gmt":"2023-12-04T16:02:44","guid":{"rendered":"http:\/\/peugeot.groupe-gete.fr\/?page_id=152"},"modified":"2024-05-03T12:55:46","modified_gmt":"2024-05-03T12:55:46","slug":"climatisation-parebrise-carte-grise-nettoyage-de-vehicule","status":"publish","type":"page","link":"https:\/\/peugeot.groupe-gete.fr\/index.php\/climatisation-parebrise-carte-grise-nettoyage-de-vehicule\/","title":{"rendered":"Climatisation &#8211; Parebrise &#8211; Carte Grise &#8211; Nettoyage de V\u00e9hicule"},"content":{"rendered":"\t\t<div data-elementor-type=\"wp-page\" data-elementor-id=\"152\" class=\"elementor elementor-152\">\n\t\t\t\t<div class=\"elementor-element elementor-element-e3682cc e-flex e-con-boxed e-con e-parent\" data-id=\"e3682cc\" data-element_type=\"container\" data-e-type=\"container\">\n\t\t\t\t\t<div class=\"e-con-inner\">\n\t\t\t\t<div class=\"elementor-element elementor-element-680f4aa elementor-widget elementor-widget-spacer\" data-id=\"680f4aa\" data-element_type=\"widget\" data-e-type=\"widget\" data-widget_type=\"spacer.default\">\n\t\t\t\t<div class=\"elementor-widget-container\">\n\t\t\t\t\t\t\t<div class=\"elementor-spacer\">\n\t\t\t<div class=\"elementor-spacer-inner\"><\/div>\n\t\t<\/div>\n\t\t\t\t\t\t<\/div>\n\t\t\t\t<\/div>\n\t\t\t\t\t<\/div>\n\t\t\t\t<\/div>\n\t\t<div class=\"elementor-element elementor-element-f26b52f e-flex e-con-boxed e-con e-parent\" data-id=\"f26b52f\" data-element_type=\"container\" data-e-type=\"container\">\n\t\t\t\t\t<div class=\"e-con-inner\">\n\t\t\t\t<div class=\"elementor-element elementor-element-02c4e69 elementor-widget elementor-widget-heading\" data-id=\"02c4e69\" data-element_type=\"widget\" data-e-type=\"widget\" data-widget_type=\"heading.default\">\n\t\t\t\t<div class=\"elementor-widget-container\">\n\t\t\t\t\t<h1 class=\"elementor-heading-title elementor-size-default\">Climatisation<\/h1>\t\t\t\t<\/div>\n\t\t\t\t<\/div>\n\t\t\t\t\t<\/div>\n\t\t\t\t<\/div>\n\t\t<div class=\"elementor-element elementor-element-cde562a e-flex e-con-boxed e-con e-parent\" data-id=\"cde562a\" data-element_type=\"container\" data-e-type=\"container\">\n\t\t\t\t\t<div class=\"e-con-inner\">\n\t\t\t\t<div class=\"elementor-element elementor-element-3910853 animated-slow elementor-invisible elementor-widget elementor-widget-image\" data-id=\"3910853\" data-element_type=\"widget\" data-e-type=\"widget\" data-settings=\"{&quot;_animation&quot;:&quot;zoomIn&quot;}\" data-widget_type=\"image.default\">\n\t\t\t\t<div class=\"elementor-widget-container\">\n\t\t\t\t\t\t\t\t\t\t\t\t\t\t\t<img fetchpriority=\"high\" decoding=\"async\" width=\"1920\" height=\"720\" src=\"https:\/\/peugeot.groupe-gete.fr\/wp-content\/uploads\/2024\/05\/e3008_Clim.jpg\" class=\"attachment-full size-full wp-image-577\" alt=\"\" srcset=\"https:\/\/peugeot.groupe-gete.fr\/wp-content\/uploads\/2024\/05\/e3008_Clim.jpg 1920w, https:\/\/peugeot.groupe-gete.fr\/wp-content\/uploads\/2024\/05\/e3008_Clim-300x113.jpg 300w, https:\/\/peugeot.groupe-gete.fr\/wp-content\/uploads\/2024\/05\/e3008_Clim-1024x384.jpg 1024w, https:\/\/peugeot.groupe-gete.fr\/wp-content\/uploads\/2024\/05\/e3008_Clim-768x288.jpg 768w, https:\/\/peugeot.groupe-gete.fr\/wp-content\/uploads\/2024\/05\/e3008_Clim-1536x576.jpg 1536w\" sizes=\"(max-width: 1920px) 100vw, 1920px\" \/>\t\t\t\t\t\t\t\t\t\t\t\t\t\t\t<\/div>\n\t\t\t\t<\/div>\n\t\t\t\t\t<\/div>\n\t\t\t\t<\/div>\n\t\t<div class=\"elementor-element elementor-element-29ab548 e-flex e-con-boxed e-con e-parent\" data-id=\"29ab548\" data-element_type=\"container\" data-e-type=\"container\">\n\t\t\t\t\t<div class=\"e-con-inner\">\n\t\t\t\t<div class=\"elementor-element elementor-element-e483338 elementor-widget elementor-widget-text-editor\" data-id=\"e483338\" data-element_type=\"widget\" data-e-type=\"widget\" data-widget_type=\"text-editor.default\">\n\t\t\t\t<div class=\"elementor-widget-container\">\n\t\t\t\t\t\t\t\t\t<p>Pourquoi entretenir sa climatisation\u00a0:<\/p><p>Votre agent Peugeot Proximity conseille de r\u00e9aliser l\u2019entretien de la climatisation de votre v\u00e9hicule toutes marques, remplacement du filtre habitacle, recharge, contr\u00f4le, assainissement du circuit de gaz r\u00e9frig\u00e9rant.<\/p><p>Qu\u2019est- ce qu\u2019un filtre d\u2019habitacle ?<\/p><p>Le terme de filtre d\u2019habitacle (simple ou \u00e0 charbon) est un \u00e9l\u00e9ment visant \u00e0 faire baisser le niveau de toxicit\u00e9 \u00e0 l\u2019int\u00e9rieur d\u2019un v\u00e9hicule. Le filtre d\u2019habitacle se pr\u00e9sente sous la forme d\u2019un filtre con\u00e7u dans un papier sp\u00e9cifique. Il sert \u00e0 filtrer l\u2019air ext\u00e9rieur que la ventilation et le dispositif de climatisation de votre v\u00e9hicule utilisent pour votre confort \u00e9t\u00e9 comme hiver. Votre agent Peugeot Proximity conna\u00eet tous les proc\u00e9d\u00e9s m\u00e9caniques de ventilation.<\/p><p>Que permet d\u2019\u00e9viter le filtre d\u2019habitacle ?<\/p><p>Les pollens et les particules n\u00e9fastes pour l\u2019organisme, peuvent entrer \u00e0 l\u2019int\u00e9rieur du v\u00e9hicule. Le filtre d\u2019habitacle constitue une barri\u00e8re efficace contre ses \u00e9l\u00e9ments nocifs et une capacit\u00e9 de retenue des odeurs. Si l\u2019air dans l\u2019habitacle de votre v\u00e9hicule semble oppressant et que des odeurs d\u00e9sagr\u00e9ables se manifestent, contactez vite l\u2019un des experts m\u00e9caniciens de votre r\u00e9seau d\u2019agents Peugeot Proximity \u00bb.<\/p><p>Pourquoi contr\u00f4ler ou recharger le gaz de climatisation de votre v\u00e9hicule\u00a0?<\/p><p>La recharge r\u00e9guli\u00e8re permet de maintenir le syst\u00e8me en bon \u00e9tat de fonctionnement et d\u2019\u00e9viter de futurs probl\u00e8mes. Elle \u00e9vite une d\u00e9t\u00e9rioration de l\u2019\u00e9quipement et assure l\u2019efficacit\u00e9 du syst\u00e8me. En effet, elle permet \u00e0 l\u2019air sortant du circuit de climatisation de refroidir plus rapidement. Afin d\u2019obtenir un gaz froid, la climatisation automobile s\u2019appuie sur le principe physique de la compression\/d\u00e9compression.<\/p>\t\t\t\t\t\t\t\t<\/div>\n\t\t\t\t<\/div>\n\t\t\t\t\t<\/div>\n\t\t\t\t<\/div>\n\t\t<div class=\"elementor-element elementor-element-049c19a e-flex e-con-boxed e-con e-parent\" data-id=\"049c19a\" data-element_type=\"container\" data-e-type=\"container\">\n\t\t\t\t\t<div class=\"e-con-inner\">\n\t\t\t\t<div class=\"elementor-element elementor-element-20df5e2 elementor-widget elementor-widget-heading\" data-id=\"20df5e2\" data-element_type=\"widget\" data-e-type=\"widget\" data-widget_type=\"heading.default\">\n\t\t\t\t<div class=\"elementor-widget-container\">\n\t\t\t\t\t<h2 class=\"elementor-heading-title elementor-size-default\">Pare-brise<\/h2>\t\t\t\t<\/div>\n\t\t\t\t<\/div>\n\t\t\t\t\t<\/div>\n\t\t\t\t<\/div>\n\t\t<div class=\"elementor-element elementor-element-eb552dc e-flex e-con-boxed e-con e-parent\" data-id=\"eb552dc\" data-element_type=\"container\" data-e-type=\"container\">\n\t\t\t\t\t<div class=\"e-con-inner\">\n\t\t\t\t<div class=\"elementor-element elementor-element-c31af08 animated-slow elementor-invisible elementor-widget elementor-widget-image\" data-id=\"c31af08\" data-element_type=\"widget\" data-e-type=\"widget\" data-settings=\"{&quot;_animation&quot;:&quot;zoomIn&quot;}\" data-widget_type=\"image.default\">\n\t\t\t\t<div class=\"elementor-widget-container\">\n\t\t\t\t\t\t\t\t\t\t\t\t\t\t\t<img decoding=\"async\" width=\"1920\" height=\"720\" src=\"https:\/\/peugeot.groupe-gete.fr\/wp-content\/uploads\/2024\/05\/308_parebrise.png\" class=\"attachment-full size-full wp-image-584\" alt=\"\" srcset=\"https:\/\/peugeot.groupe-gete.fr\/wp-content\/uploads\/2024\/05\/308_parebrise.png 1920w, https:\/\/peugeot.groupe-gete.fr\/wp-content\/uploads\/2024\/05\/308_parebrise-300x113.png 300w, https:\/\/peugeot.groupe-gete.fr\/wp-content\/uploads\/2024\/05\/308_parebrise-1024x384.png 1024w, https:\/\/peugeot.groupe-gete.fr\/wp-content\/uploads\/2024\/05\/308_parebrise-768x288.png 768w, https:\/\/peugeot.groupe-gete.fr\/wp-content\/uploads\/2024\/05\/308_parebrise-1536x576.png 1536w\" sizes=\"(max-width: 1920px) 100vw, 1920px\" \/>\t\t\t\t\t\t\t\t\t\t\t\t\t\t\t<\/div>\n\t\t\t\t<\/div>\n\t\t\t\t\t<\/div>\n\t\t\t\t<\/div>\n\t\t<div class=\"elementor-element elementor-element-69598fa e-flex e-con-boxed e-con e-parent\" data-id=\"69598fa\" data-element_type=\"container\" data-e-type=\"container\">\n\t\t\t\t\t<div class=\"e-con-inner\">\n\t\t\t\t<div class=\"elementor-element elementor-element-ce3bfd8 elementor-widget elementor-widget-text-editor\" data-id=\"ce3bfd8\" data-element_type=\"widget\" data-e-type=\"widget\" data-widget_type=\"text-editor.default\">\n\t\t\t\t<div class=\"elementor-widget-container\">\n\t\t\t\t\t\t\t\t\t<p>Pourquoi faire remplacer son pare-brise, un \u00e9l\u00e9ment vitr\u00e9 ou effectuer une r\u00e9paration d\u2019impact par un garage Peugeot Proximity ? Ces travaux doivent \u00eatre confies \u00e0 un technicien Dans un garage Peugeot Proximity qualifi\u00e9. Le professionnel commande directement aupr\u00e8s du constructeur toutes marques les pi\u00e8ces neuves de qualit\u00e9 certifi\u00e9e. Par ailleurs, les assurances dans le cadre de votre assurance bris de glace pr\u00e9voient le remboursement total de la facture (selon les conditions de votre contrat et montant de la franchise), Inutile donc de se priver des services d\u2019un professionnel exp\u00e9riment\u00e9 ! Changer un pare-brise sans le coller ou l\u2019\u00e9tanch\u00e9ifier parfaitement est risqu\u00e9. En effet, le pare-brise coll\u00e9 aide \u00e0 rigidifier la coque et \u00e0 solidifier l\u2019ensemble. L\u2019habitacle est prot\u00e9g\u00e9 des intemp\u00e9ries, de la chaleur et m\u00eame des rayons infrarouges et ultra-violet si le pare-brise est athermique. La technologie des v\u00e9hicules \u00e9volue sans cesse un recalibrage des syst\u00e8mes ADAS (Advanced Driver Assistance System) sont indispensables pour votre s\u00e9curit\u00e9 (camera, aide au freinage urgence etc.\u2026)<\/p><p>Nos carrossiers r\u00e9alisent le remplacement de votre pare-brise, quelques soit la marque de votre v\u00e9hicule,\u00a0sans avance de frais, nous acceptons les\u00a0r\u00e8glements de toutes les assurances.<\/p><p>Offrez \u00e0 votre v\u00e9hicule les services d\u2019un\u00a0artisan carrossier\u00a0pour le remplacement de votre pare-brise ou la r\u00e9paration d\u2019un impact.<\/p>\t\t\t\t\t\t\t\t<\/div>\n\t\t\t\t<\/div>\n\t\t\t\t\t<\/div>\n\t\t\t\t<\/div>\n\t\t<div class=\"elementor-element elementor-element-809c26c e-flex e-con-boxed e-con e-parent\" data-id=\"809c26c\" data-element_type=\"container\" data-e-type=\"container\">\n\t\t\t\t\t<div class=\"e-con-inner\">\n\t\t\t\t<div class=\"elementor-element elementor-element-2216faf elementor-widget elementor-widget-heading\" data-id=\"2216faf\" data-element_type=\"widget\" data-e-type=\"widget\" data-widget_type=\"heading.default\">\n\t\t\t\t<div class=\"elementor-widget-container\">\n\t\t\t\t\t<h2 class=\"elementor-heading-title elementor-size-default\">Carte Grise<\/h2>\t\t\t\t<\/div>\n\t\t\t\t<\/div>\n\t\t\t\t\t<\/div>\n\t\t\t\t<\/div>\n\t\t<div class=\"elementor-element elementor-element-bc8f03c e-flex e-con-boxed e-con e-parent\" data-id=\"bc8f03c\" data-element_type=\"container\" data-e-type=\"container\">\n\t\t\t\t\t<div class=\"e-con-inner\">\n\t\t\t\t<div class=\"elementor-element elementor-element-0671658 animated-slow elementor-invisible elementor-widget elementor-widget-image\" data-id=\"0671658\" data-element_type=\"widget\" data-e-type=\"widget\" data-settings=\"{&quot;_animation&quot;:&quot;zoomIn&quot;}\" data-widget_type=\"image.default\">\n\t\t\t\t<div class=\"elementor-widget-container\">\n\t\t\t\t\t\t\t\t\t\t\t\t\t\t\t<img decoding=\"async\" width=\"1920\" height=\"720\" src=\"https:\/\/peugeot.groupe-gete.fr\/wp-content\/uploads\/2024\/05\/carte_grise.jpg\" class=\"attachment-full size-full wp-image-586\" alt=\"\" srcset=\"https:\/\/peugeot.groupe-gete.fr\/wp-content\/uploads\/2024\/05\/carte_grise.jpg 1920w, https:\/\/peugeot.groupe-gete.fr\/wp-content\/uploads\/2024\/05\/carte_grise-300x113.jpg 300w, https:\/\/peugeot.groupe-gete.fr\/wp-content\/uploads\/2024\/05\/carte_grise-1024x384.jpg 1024w, https:\/\/peugeot.groupe-gete.fr\/wp-content\/uploads\/2024\/05\/carte_grise-768x288.jpg 768w, https:\/\/peugeot.groupe-gete.fr\/wp-content\/uploads\/2024\/05\/carte_grise-1536x576.jpg 1536w\" sizes=\"(max-width: 1920px) 100vw, 1920px\" \/>\t\t\t\t\t\t\t\t\t\t\t\t\t\t\t<\/div>\n\t\t\t\t<\/div>\n\t\t\t\t\t<\/div>\n\t\t\t\t<\/div>\n\t\t<div class=\"elementor-element elementor-element-db8d8aa e-flex e-con-boxed e-con e-parent\" data-id=\"db8d8aa\" data-element_type=\"container\" data-e-type=\"container\">\n\t\t\t\t\t<div class=\"e-con-inner\">\n\t\t\t\t<div class=\"elementor-element elementor-element-0640533 elementor-widget elementor-widget-text-editor\" data-id=\"0640533\" data-element_type=\"widget\" data-e-type=\"widget\" data-widget_type=\"text-editor.default\">\n\t\t\t\t<div class=\"elementor-widget-container\">\n\t\t\t\t\t\t\t\t\t<p>Votre Point de vente PEUGEOT PROXIMITY vous accompagne dans la cr\u00e9ation de la carte grise de votre nouveau v\u00e9hicule d&rsquo;occasion.<\/p><p>La carte grise est une pi\u00e8ce obligatoire avant la mise en circulation d\u2019un v\u00e9hicule et les d\u00e9marches administratives pour obtenir son certificat d\u2019immatriculation ne repr\u00e9sentent pas toujours une partie de plaisir.<\/p><p>Si vous trouvez votre v\u00e9hicule dans le r\u00e9seau Peugeot Proximity, un professionnel g\u00e8rera pour vous ces d\u00e9marches afin de vous restituer votre carte grise d\u00e9finitive.<br \/>Un ensemble de pi\u00e8ces justificatives vous seront alors demand\u00e9es (carte d\u2019identit\u00e9, justificatifs de domicile, permis de conduire, formulaire CERFA de demande d\u2019immatriculation\u2026)<\/p>\t\t\t\t\t\t\t\t<\/div>\n\t\t\t\t<\/div>\n\t\t\t\t\t<\/div>\n\t\t\t\t<\/div>\n\t\t<div class=\"elementor-element elementor-element-082e0b1 e-flex e-con-boxed e-con e-parent\" data-id=\"082e0b1\" data-element_type=\"container\" data-e-type=\"container\">\n\t\t\t\t\t<div class=\"e-con-inner\">\n\t\t\t\t<div class=\"elementor-element elementor-element-1279c39 elementor-widget elementor-widget-heading\" data-id=\"1279c39\" data-element_type=\"widget\" data-e-type=\"widget\" data-widget_type=\"heading.default\">\n\t\t\t\t<div class=\"elementor-widget-container\">\n\t\t\t\t\t<h2 class=\"elementor-heading-title elementor-size-default\">Nettoyage v\u00e9hicule<\/h2>\t\t\t\t<\/div>\n\t\t\t\t<\/div>\n\t\t\t\t\t<\/div>\n\t\t\t\t<\/div>\n\t\t<div class=\"elementor-element elementor-element-7b77e4e e-flex e-con-boxed e-con e-parent\" data-id=\"7b77e4e\" data-element_type=\"container\" data-e-type=\"container\">\n\t\t\t\t\t<div class=\"e-con-inner\">\n\t\t\t\t<div class=\"elementor-element elementor-element-75aff96 animated-slow elementor-invisible elementor-widget elementor-widget-image\" data-id=\"75aff96\" data-element_type=\"widget\" data-e-type=\"widget\" data-settings=\"{&quot;_animation&quot;:&quot;zoomIn&quot;}\" data-widget_type=\"image.default\">\n\t\t\t\t<div class=\"elementor-widget-container\">\n\t\t\t\t\t\t\t\t\t\t\t\t<figure class=\"wp-caption\">\n\t\t\t\t\t\t\t\t\t\t<img loading=\"lazy\" decoding=\"async\" width=\"1920\" height=\"720\" src=\"https:\/\/peugeot.groupe-gete.fr\/wp-content\/uploads\/2024\/05\/nettoyage_voiture.jpg\" class=\"attachment-full size-full wp-image-597\" alt=\"\" srcset=\"https:\/\/peugeot.groupe-gete.fr\/wp-content\/uploads\/2024\/05\/nettoyage_voiture.jpg 1920w, https:\/\/peugeot.groupe-gete.fr\/wp-content\/uploads\/2024\/05\/nettoyage_voiture-300x113.jpg 300w, https:\/\/peugeot.groupe-gete.fr\/wp-content\/uploads\/2024\/05\/nettoyage_voiture-1024x384.jpg 1024w, https:\/\/peugeot.groupe-gete.fr\/wp-content\/uploads\/2024\/05\/nettoyage_voiture-768x288.jpg 768w, https:\/\/peugeot.groupe-gete.fr\/wp-content\/uploads\/2024\/05\/nettoyage_voiture-1536x576.jpg 1536w\" sizes=\"(max-width: 1920px) 100vw, 1920px\" \/>\t\t\t\t\t\t\t\t\t\t\t<figcaption class=\"widget-image-caption wp-caption-text\">Photos de Towfiqu barbhuiya \/ Jimmy Nilsson Masth \/ Neelabh Raj<\/figcaption>\n\t\t\t\t\t\t\t\t\t\t<\/figure>\n\t\t\t\t\t\t\t\t\t<\/div>\n\t\t\t\t<\/div>\n\t\t\t\t\t<\/div>\n\t\t\t\t<\/div>\n\t\t<div class=\"elementor-element elementor-element-2ff7810 e-flex e-con-boxed e-con e-parent\" data-id=\"2ff7810\" data-element_type=\"container\" data-e-type=\"container\">\n\t\t\t\t\t<div class=\"e-con-inner\">\n\t\t\t\t<div class=\"elementor-element elementor-element-e849a26 elementor-widget elementor-widget-text-editor\" data-id=\"e849a26\" data-element_type=\"widget\" data-e-type=\"widget\" data-widget_type=\"text-editor.default\">\n\t\t\t\t<div class=\"elementor-widget-container\">\n\t\t\t\t\t\t\t\t\t<p>Particulier ou Professionnel, pas le temps de nettoyer int\u00e9rieurement et\/ou ext\u00e9rieurement votre v\u00e9hicule de tourisme ou utilitaire !<\/p><p>Vous souhaitez revendre votre voiture, mais elle n\u00e9cessite un vrai nettoyage pour \u00eatre pr\u00e9sentable et mise en annonce<\/p><p>Vous devez restituer votre v\u00e9hicule, fin de location courte ou longue dur\u00e9e, sa propret\u00e9 int\u00e9rieure et ext\u00e9rieure est indispensable, afin que des frais suppl\u00e9mentaires ne vous soient pas factur\u00e9s lors de restitution.<\/p><p><u>Ext\u00e9rieur :<\/u><\/p><ul><li>Lustrage, polissage de la carrosserie pour retirer les micro-rayures,<\/li><li>R\u00e9novation des plastiques int\u00e9rieur<\/li><li>R\u00e9novation optique de phare<\/li><li>Destickage<\/li><\/ul><p><u>Int\u00e9rieur :<\/u><\/p><ul><li>Aspiration moquettes, si\u00e8ges<\/li><li>R\u00e9novation des plastiques int\u00e9rieur<\/li><li>Nettoyage des vitres<\/li><li>Traitement anti bact\u00e9rien de l\u2019habitacle<\/li><\/ul><p>La pr\u00e9paration esth\u00e9tique demande des comp\u00e9tences votre agent Peugeot Proximity fait appel \u00e0 des pr\u00e9parateurs form\u00e9s et qualifi\u00e9s.<\/p>\t\t\t\t\t\t\t\t<\/div>\n\t\t\t\t<\/div>\n\t\t\t\t\t<\/div>\n\t\t\t\t<\/div>\n\t\t\t\t<\/div>\n\t\t","protected":false},"excerpt":{"rendered":"<p>Climatisation Pourquoi entretenir sa climatisation\u00a0: Votre agent Peugeot Proximity conseille de r\u00e9aliser l\u2019entretien de la climatisation de votre v\u00e9hicule toutes marques, remplacement du filtre habitacle, recharge, contr\u00f4le, assainissement du circuit de gaz r\u00e9frig\u00e9rant. Qu\u2019est- ce qu\u2019un filtre d\u2019habitacle ? Le terme de filtre d\u2019habitacle (simple ou \u00e0 charbon) est un \u00e9l\u00e9ment visant \u00e0 faire baisser [&hellip;]<\/p>\n","protected":false},"author":1,"featured_media":0,"parent":0,"menu_order":0,"comment_status":"closed","ping_status":"closed","template":"","meta":{"ocean_post_layout":"","ocean_both_sidebars_style":"","ocean_both_sidebars_content_width":0,"ocean_both_sidebars_sidebars_width":0,"ocean_sidebar":"","ocean_second_sidebar":"","ocean_disable_margins":"enable","ocean_add_body_class":"","ocean_shortcode_before_top_bar":"","ocean_shortcode_after_top_bar":"","ocean_shortcode_before_header":"","ocean_shortcode_after_header":"","ocean_has_shortcode":"","ocean_shortcode_after_title":"","ocean_shortcode_before_footer_widgets":"","ocean_shortcode_after_footer_widgets":"","ocean_shortcode_before_footer_bottom":"","ocean_shortcode_after_footer_bottom":"","ocean_display_top_bar":"default","ocean_display_header":"default","ocean_header_style":"","ocean_center_header_left_menu":"","ocean_custom_header_template":"","ocean_custom_logo":0,"ocean_custom_retina_logo":0,"ocean_custom_logo_max_width":0,"ocean_custom_logo_tablet_max_width":0,"ocean_custom_logo_mobile_max_width":0,"ocean_custom_logo_max_height":0,"ocean_custom_logo_tablet_max_height":0,"ocean_custom_logo_mobile_max_height":0,"ocean_header_custom_menu":"","ocean_menu_typo_font_family":"","ocean_menu_typo_font_subset":"","ocean_menu_typo_font_size":0,"ocean_menu_typo_font_size_tablet":0,"ocean_menu_typo_font_size_mobile":0,"ocean_menu_typo_font_size_unit":"px","ocean_menu_typo_font_weight":"","ocean_menu_typo_font_weight_tablet":"","ocean_menu_typo_font_weight_mobile":"","ocean_menu_typo_transform":"","ocean_menu_typo_transform_tablet":"","ocean_menu_typo_transform_mobile":"","ocean_menu_typo_line_height":0,"ocean_menu_typo_line_height_tablet":0,"ocean_menu_typo_line_height_mobile":0,"ocean_menu_typo_line_height_unit":"","ocean_menu_typo_spacing":0,"ocean_menu_typo_spacing_tablet":0,"ocean_menu_typo_spacing_mobile":0,"ocean_menu_typo_spacing_unit":"","ocean_menu_link_color":"","ocean_menu_link_color_hover":"","ocean_menu_link_color_active":"","ocean_menu_link_background":"","ocean_menu_link_hover_background":"","ocean_menu_link_active_background":"","ocean_menu_social_links_bg":"","ocean_menu_social_hover_links_bg":"","ocean_menu_social_links_color":"","ocean_menu_social_hover_links_color":"","ocean_disable_title":"default","ocean_disable_heading":"default","ocean_post_title":"","ocean_post_subheading":"","ocean_post_title_style":"","ocean_post_title_background_color":"","ocean_post_title_background":0,"ocean_post_title_bg_image_position":"","ocean_post_title_bg_image_attachment":"","ocean_post_title_bg_image_repeat":"","ocean_post_title_bg_image_size":"","ocean_post_title_height":0,"ocean_post_title_bg_overlay":0.5,"ocean_post_title_bg_overlay_color":"","ocean_disable_breadcrumbs":"default","ocean_breadcrumbs_color":"","ocean_breadcrumbs_separator_color":"","ocean_breadcrumbs_links_color":"","ocean_breadcrumbs_links_hover_color":"","ocean_display_footer_widgets":"default","ocean_display_footer_bottom":"default","ocean_custom_footer_template":"","footnotes":""},"class_list":["post-152","page","type-page","status-publish","hentry","entry"],"_links":{"self":[{"href":"https:\/\/peugeot.groupe-gete.fr\/index.php\/wp-json\/wp\/v2\/pages\/152","targetHints":{"allow":["GET"]}}],"collection":[{"href":"https:\/\/peugeot.groupe-gete.fr\/index.php\/wp-json\/wp\/v2\/pages"}],"about":[{"href":"https:\/\/peugeot.groupe-gete.fr\/index.php\/wp-json\/wp\/v2\/types\/page"}],"author":[{"embeddable":true,"href":"https:\/\/peugeot.groupe-gete.fr\/index.php\/wp-json\/wp\/v2\/users\/1"}],"replies":[{"embeddable":true,"href":"https:\/\/peugeot.groupe-gete.fr\/index.php\/wp-json\/wp\/v2\/comments?post=152"}],"version-history":[{"count":43,"href":"https:\/\/peugeot.groupe-gete.fr\/index.php\/wp-json\/wp\/v2\/pages\/152\/revisions"}],"predecessor-version":[{"id":623,"href":"https:\/\/peugeot.groupe-gete.fr\/index.php\/wp-json\/wp\/v2\/pages\/152\/revisions\/623"}],"wp:attachment":[{"href":"https:\/\/peugeot.groupe-gete.fr\/index.php\/wp-json\/wp\/v2\/media?parent=152"}],"curies":[{"name":"wp","href":"https:\/\/api.w.org\/{rel}","templated":true}]}}